{"id":1151,"date":"2022-06-25T16:09:36","date_gmt":"2022-06-25T14:09:36","guid":{"rendered":"https:\/\/axelssoncloudconsulting.azurewebsites.net\/?page_id=1151"},"modified":"2022-06-25T16:09:36","modified_gmt":"2022-06-25T14:09:36","slug":"impressum","status":"publish","type":"page","link":"https:\/\/axelssonconsulting.de\/de-de\/impressum\/","title":{"rendered":"Impressum"},"content":{"rendered":"<p>Axelsson Consulting UG (haftungsbeschr\u00e4nkt)<\/p>\n\n\n\n<p>Taborstr. 18<br>10997 Berlin<\/p>\n\n\n\n<p>E-Mail:&nbsp;<a href=\"mailto:info@axelssonconsulting.de\">info@axelssonconsulting.de<\/a><\/p>\n\n\n\n<p>Registergericht: Amtsgericht Charlottenburg<br>Registernummer: HRB 267 271 B<br>Umsatzsteueridentifikationsnummer: DE370271979<\/p>\n\n\n\n<p>Gesch\u00e4ftsf\u00fchrender Direktor: Kristoffer Axelsson<\/p>\n\n\n\n<h3 class=\"wp-block-heading\">Urheberrecht<\/h3>\n\n\n\n<p>Die durch den Betreiber dieser Website erstellten Inhalte und Werke auf den Seiten der Website unterliegen dem deutschen Urheberrecht. Die Vervielf\u00e4ltigung, Bearbeitung, Verbreitung und jede Art der Verwertung au\u00dferhalb der Grenzen des Urheberrechtes bed\u00fcrfen der schriftlichen Zustimmung des jeweiligen Autors bzw. Erstellers. Soweit die Inhalte auf dieser Seite nicht vom Betreiber erstellt wurden, werden die Urheberrechte Dritter beachtet und die Inhalte Dritter als solche gekennzeichnet. Sollten Sie trotzdem auf eine Urheberrechtsverletzung aufmerksam werden, bitten wir um einen entsprechenden Hinweis. Bei Bekanntwerden von Rechtsverletzungen werden wir derartige Inhalte umgehend entfernen.<\/p>\n\n\n\n<h3 class=\"wp-block-heading\">Einspruch gegen Werbe-E-Mails<\/h3>\n\n\n\n<p>Der Nutzung von im Rahmen der Impressumspflicht ver\u00f6ffentlichten Kontaktdaten zur \u00dcbersendung von nicht ausdr\u00fccklich angeforderter Werbung und Informationsmaterialien wird hiermit widersprochen. Die Betreiber der Seiten behalten sich ausdr\u00fccklich rechtliche Schritte im Falle der unverlangten Zusendung von Werbeinformationen, insbesondere von Spam-Mails, vor.<\/p>","protected":false},"excerpt":{"rendered":"<p>Axelsson Consulting UG (haftungsbeschr\u00e4nkt) Taborstr. 1810997 Berlin E-Mail: info@axelssonconsulting.de Registergericht: Amtsgericht CharlottenburgRegisternummer: HRB 267 271 BVAT-ID: DE370271979 Gesch\u00e4ftsf\u00fchrer: Kristoffer Axelsson Urheberrecht Die durch den Betreiber dieser Website erstellten Inhalte und Werke auf den Seiten der Website unterliegen dem deutschen Urheberrecht. Die Vervielf\u00e4ltigung, Bearbeitung, Verbreitung und jede Art der Verwertung <a href=\"https:\/\/axelssonconsulting.de\/de-de\/impressum\/\" class=\"more-link\">&#8230;<span class=\"screen-reader-text\">  Impressum<\/span><\/a><\/p>","protected":false},"author":1,"featured_media":0,"parent":0,"menu_order":0,"comment_status":"closed","ping_status":"closed","template":"","meta":{"_acf_changed":false,"footnotes":""},"class_list":["post-1151","page","type-page","status-publish","hentry"],"acf":[],"yoast_head":"<!-- This site is optimized with the Yoast SEO plugin v25.1 - https:\/\/yoast.com\/wordpress\/plugins\/seo\/ -->\n<title>Imprint | Axelsson Consulting<\/title>\n<meta name=\"robots\" content=\"index, follow, max-snippet:-1, max-image-preview:large, max-video-preview:-1\" \/>\n<link rel=\"canonical\" href=\"https:\/\/axelssonconsulting.eu\/imprint\/\" \/>\n<meta property=\"og:locale\" content=\"de_DE\" \/>\n<meta property=\"og:type\" content=\"article\" \/>\n<meta property=\"og:title\" content=\"Imprint | Axelsson Consulting\" \/>\n<meta property=\"og:description\" content=\"Axelsson Consulting UG (haftungsbeschr\u00e4nkt) Taborstr. 1810997 Berlin E-Mail:&nbsp;info@axelssonconsulting.de Registration Court:&nbsp;Charlottenburg District CourtRegistry number: HRB 267 271 BVAT-ID: DE370271979 Managing Director: Kristoffer Axelsson Copyright The content and works created by the operator of this website on the pages of the website are subject to German copyright law. The reproduction, editing, distribution and any kind of exploitation ... Imprint\" \/>\n<meta property=\"og:url\" content=\"https:\/\/axelssonconsulting.eu\/imprint\/\" \/>\n<meta property=\"og:site_name\" content=\"Axelsson Consulting\" \/>\n<meta name=\"twitter:card\" content=\"summary_large_image\" \/>\n<meta name=\"twitter:label1\" content=\"Gesch\u00e4tzte Lesezeit\" \/>\n\t<meta name=\"twitter:data1\" content=\"1\u00a0Minute\" \/>\n<script type=\"application\/ld+json\" class=\"yoast-schema-graph\">{\"@context\":\"https:\/\/schema.org\",\"@graph\":[{\"@type\":\"WebPage\",\"@id\":\"https:\/\/axelssonconsulting.eu\/imprint\/\",\"url\":\"https:\/\/axelssonconsulting.eu\/imprint\/\",\"name\":\"Imprint | Axelsson Consulting\",\"isPartOf\":{\"@id\":\"https:\/\/axelssoncloudconsulting.com\/#website\"},\"datePublished\":\"2022-06-25T14:09:36+00:00\",\"inLanguage\":\"de\",\"potentialAction\":[{\"@type\":\"ReadAction\",\"target\":[\"https:\/\/axelssonconsulting.eu\/imprint\/\"]}]},{\"@type\":\"WebSite\",\"@id\":\"https:\/\/axelssoncloudconsulting.com\/#website\",\"url\":\"https:\/\/axelssoncloudconsulting.com\/\",\"name\":\"Axelsson Consulting\",\"description\":\"Delivering premium digital experiences at cloud scale\",\"potentialAction\":[{\"@type\":\"SearchAction\",\"target\":{\"@type\":\"EntryPoint\",\"urlTemplate\":\"https:\/\/axelssoncloudconsulting.com\/?s={search_term_string}\"},\"query-input\":{\"@type\":\"PropertyValueSpecification\",\"valueRequired\":true,\"valueName\":\"search_term_string\"}}],\"inLanguage\":\"de\"}]}<\/script>\n<!-- \/ Yoast SEO plugin. -->","yoast_head_json":{"title":"Imprint | Axelsson Consulting","robots":{"index":"index","follow":"follow","max-snippet":"max-snippet:-1","max-image-preview":"max-image-preview:large","max-video-preview":"max-video-preview:-1"},"canonical":"https:\/\/axelssonconsulting.eu\/imprint\/","og_locale":"de_DE","og_type":"article","og_title":"Imprint | Axelsson Consulting","og_description":"Axelsson Consulting UG (haftungsbeschr\u00e4nkt) Taborstr. 1810997 Berlin E-Mail:&nbsp;info@axelssonconsulting.de Registration Court:&nbsp;Charlottenburg District CourtRegistry number: HRB 267 271 BVAT-ID: DE370271979 Managing Director: Kristoffer Axelsson Copyright The content and works created by the operator of this website on the pages of the website are subject to German copyright law. The reproduction, editing, distribution and any kind of exploitation ... Imprint","og_url":"https:\/\/axelssonconsulting.eu\/imprint\/","og_site_name":"Axelsson Consulting","twitter_card":"summary_large_image","twitter_misc":{"Gesch\u00e4tzte Lesezeit":"1\u00a0Minute"},"schema":{"@context":"https:\/\/schema.org","@graph":[{"@type":"WebPage","@id":"https:\/\/axelssonconsulting.eu\/imprint\/","url":"https:\/\/axelssonconsulting.eu\/imprint\/","name":"Imprint | Axelsson Consulting","isPartOf":{"@id":"https:\/\/axelssoncloudconsulting.com\/#website"},"datePublished":"2022-06-25T14:09:36+00:00","inLanguage":"de","potentialAction":[{"@type":"ReadAction","target":["https:\/\/axelssonconsulting.eu\/imprint\/"]}]},{"@type":"WebSite","@id":"https:\/\/axelssoncloudconsulting.com\/#website","url":"https:\/\/axelssoncloudconsulting.com\/","name":"Axelsson Consulting","description":"Delivering premium digital experiences at cloud scale","potentialAction":[{"@type":"SearchAction","target":{"@type":"EntryPoint","urlTemplate":"https:\/\/axelssoncloudconsulting.com\/?s={search_term_string}"},"query-input":{"@type":"PropertyValueSpecification","valueRequired":true,"valueName":"search_term_string"}}],"inLanguage":"de"}]}},"_links":{"self":[{"href":"https:\/\/axelssonconsulting.de\/de-de\/wp-json\/wp\/v2\/pages\/1151"}],"collection":[{"href":"https:\/\/axelssonconsulting.de\/de-de\/wp-json\/wp\/v2\/pages"}],"about":[{"href":"https:\/\/axelssonconsulting.de\/de-de\/wp-json\/wp\/v2\/types\/page"}],"author":[{"embeddable":true,"href":"https:\/\/axelssonconsulting.de\/de-de\/wp-json\/wp\/v2\/users\/1"}],"replies":[{"embeddable":true,"href":"https:\/\/axelssonconsulting.de\/de-de\/wp-json\/wp\/v2\/comments?post=1151"}],"version-history":[{"count":0,"href":"https:\/\/axelssonconsulting.de\/de-de\/wp-json\/wp\/v2\/pages\/1151\/revisions"}],"wp:attachment":[{"href":"https:\/\/axelssonconsulting.de\/de-de\/wp-json\/wp\/v2\/media?parent=1151"}],"curies":[{"name":"wp","href":"https:\/\/api.w.org\/{rel}","templated":true}]}}