{"id":1154,"date":"2022-06-25T16:32:28","date_gmt":"2022-06-25T14:32:28","guid":{"rendered":"https:\/\/axelssoncloudconsulting.azurewebsites.net\/?page_id=1154"},"modified":"2022-06-25T16:32:28","modified_gmt":"2022-06-25T14:32:28","slug":"kekse","status":"publish","type":"page","link":"https:\/\/axelssonconsulting.de\/de-de\/kekse\/","title":{"rendered":"Cookies"},"content":{"rendered":"<p>Dies ist die Cookie-Richtlinie von Axelsson Consulting, die \u00fcber https:\/\/axelssonconsulting.de zug\u00e4nglich ist.<\/p>\n\n\n\n<p><strong>Was sind Cookies?<\/strong><\/p>\n\n\n\n<p>Wie bei fast allen professionellen Websites \u00fcblich, verwendet auch diese Website Cookies, d. h. kleine Dateien, die auf Ihren Computer heruntergeladen werden, um Ihre Erfahrung zu verbessern. Auf dieser Seite wird beschrieben, welche Informationen sie sammeln, wie wir sie verwenden und warum wir diese Cookies manchmal speichern m\u00fcssen. Wir teilen Ihnen auch mit, wie Sie die Speicherung dieser Cookies verhindern k\u00f6nnen, was jedoch zu einer Beeintr\u00e4chtigung bestimmter Funktionen der Website f\u00fchren kann.<\/p>\n\n\n\n<p><strong>Wie wir Cookies verwenden<\/strong><\/p>\n\n\n\n<p>Wir verwenden Cookies aus einer Reihe von Gr\u00fcnden, die im Folgenden n\u00e4her erl\u00e4utert werden. Leider gibt es in den meisten F\u00e4llen keine branchen\u00fcblichen Optionen zur Deaktivierung von Cookies, ohne die Funktionen und Merkmale, die sie dieser Website hinzuf\u00fcgen, vollst\u00e4ndig zu deaktivieren. Es wird empfohlen, alle Cookies zuzulassen, wenn Sie nicht sicher sind, ob Sie sie ben\u00f6tigen oder nicht, falls sie zur Bereitstellung eines von Ihnen genutzten Dienstes verwendet werden.<\/p>\n\n\n\n<p><strong>Deaktivieren von Cookies<\/strong><\/p>\n\n\n\n<p>Sie k\u00f6nnen das Setzen von Cookies verhindern, indem Sie die Einstellungen Ihres Browsers anpassen (siehe dazu die Hilfe Ihres Browsers). Beachten Sie, dass die Deaktivierung von Cookies die Funktionalit\u00e4t dieser und vieler anderer Websites, die Sie besuchen, beeintr\u00e4chtigen wird. Die Deaktivierung von Cookies f\u00fchrt in der Regel auch zur Deaktivierung bestimmter Funktionen und Merkmale dieser Website. Es wird daher empfohlen, Cookies nicht zu deaktivieren.<\/p>\n\n\n\n<p><strong>Die von uns gesetzten Cookies<\/strong><\/p>\n\n\n\n<ul class=\"wp-block-list\">\n<li>Cookies im Zusammenhang mit E-Mail-NewsletternDiese Website bietet Newsletter oder E-Mail-Abonnementdienste an, und Cookies k\u00f6nnen verwendet werden, um sich daran zu erinnern, ob Sie bereits registriert sind und ob bestimmte Benachrichtigungen angezeigt werden sollen, die m\u00f6glicherweise nur f\u00fcr angemeldete\/abgemeldete Benutzer gelten.<\/li>\n\n\n\n<li>Cookies f\u00fcr FormulareWenn Sie Daten \u00fcber ein Formular \u00fcbermitteln, z. B. auf Kontaktseiten oder in Kommentarformularen, k\u00f6nnen Cookies gesetzt werden, um Ihre Benutzerdaten f\u00fcr zuk\u00fcnftige Korrespondenz zu speichern.<\/li>\n\n\n\n<li>Cookies f\u00fcr Website-Pr\u00e4ferenzenUm Ihnen einen angenehmen Aufenthalt auf dieser Website zu erm\u00f6glichen, bieten wir Ihnen die M\u00f6glichkeit, Ihre Pr\u00e4ferenzen f\u00fcr die Nutzung dieser Website festzulegen. Damit wir uns Ihre Pr\u00e4ferenzen merken k\u00f6nnen, m\u00fcssen wir Cookies setzen, damit diese Informationen bei jeder Interaktion mit einer Seite aufgerufen werden k\u00f6nnen, die von Ihren Pr\u00e4ferenzen beeinflusst wird.<\/li>\n<\/ul>\n\n\n\n<p><strong>Cookies von Dritten<\/strong><\/p>\n\n\n\n<p>In einigen besonderen F\u00e4llen verwenden wir auch Cookies, die von vertrauensw\u00fcrdigen Dritten bereitgestellt werden. Der folgende Abschnitt beschreibt, welche Cookies von Dritten Sie auf dieser Website finden k\u00f6nnen.<\/p>\n\n\n\n<ul class=\"wp-block-list\">\n<li>Diese Website verwendet Google Analytics, eine der am weitesten verbreiteten und vertrauensw\u00fcrdigsten Analysel\u00f6sungen im Internet, die uns hilft zu verstehen, wie Sie die Website nutzen und wie wir Ihre Erfahrung verbessern k\u00f6nnen. Diese Cookies k\u00f6nnen Dinge wie die Verweildauer auf der Website und die von Ihnen besuchten Seiten aufzeichnen, damit wir auch weiterhin ansprechende Inhalte erstellen k\u00f6nnen.1 Weitere Informationen zu Google Analytics-Cookies finden Sie auf der offiziellen Google Analytics-Seite.<\/li>\n\n\n\n<li>Analyseprogramme von Drittanbietern werden verwendet, um die Nutzung dieser Website zu verfolgen und zu messen, damit wir weiterhin ansprechende Inhalte erstellen k\u00f6nnen. Diese Cookies k\u00f6nnen Dinge wie die Verweildauer auf der Website oder die von Ihnen besuchten Seiten verfolgen, was uns hilft zu verstehen, wie wir die Website f\u00fcr Sie verbessern k\u00f6nnen.<\/li>\n\n\n\n<li>Von Zeit zu Zeit testen wir neue Funktionen und nehmen geringf\u00fcgige \u00c4nderungen an der Art und Weise vor, wie die Website bereitgestellt wird. Wenn wir noch neue Funktionen testen, k\u00f6nnen diese Cookies verwendet werden, um sicherzustellen, dass Sie auf der Website ein einheitliches Erlebnis haben, und um zu verstehen, welche Optimierungen unsere Nutzer am meisten sch\u00e4tzen.<\/li>\n<\/ul>\n\n\n\n<p><strong>Mehr Informationen<\/strong><\/p>\n\n\n\n<p>Wie bereits erw\u00e4hnt, ist es bei Dingen, bei denen Sie sich nicht sicher sind, ob Sie sie ben\u00f6tigen, in der Regel sicherer, die Cookies aktiviert zu lassen, f\u00fcr den Fall, dass sie mit einer der Funktionen, die Sie auf unserer Website nutzen, interagieren.<\/p>\n\n\n\n<p>Wenn Sie jedoch noch weitere Informationen w\u00fcnschen, k\u00f6nnen Sie uns \u00fcber eine unserer bevorzugten Kontaktm\u00f6glichkeiten kontaktieren:<\/p>\n\n\n\n<ul class=\"wp-block-list\">\n<li>E-Mail: info@axelssonconsulting.de<\/li>\n<\/ul>","protected":false},"excerpt":{"rendered":"<p>Dies ist die Cookie-Richtlinie f\u00fcr Axelsson Consulting, abrufbar unter https:\/\/axelssonconsulting.de. Was sind Cookies? Wie bei fast allen professionellen Websites \u00fcblich, verwendet diese Website Cookies, d. h. winzige Dateien, die auf Ihren Computer heruntergeladen werden, um Ihre Erfahrung zu verbessern. Diese Seite beschreibt, welche Informationen sie sammeln, wie wir sie verwenden und warum wir <a href=\"https:\/\/axelssonconsulting.de\/de-de\/kekse\/\" class=\"more-link\">&#8230;<span class=\"screen-reader-text\">  Cookies<\/span><\/a><\/p>","protected":false},"author":1,"featured_media":0,"parent":0,"menu_order":0,"comment_status":"closed","ping_status":"closed","template":"","meta":{"_acf_changed":false,"footnotes":""},"class_list":["post-1154","page","type-page","status-publish","hentry"],"acf":[],"yoast_head":"<!-- This site is optimized with the Yoast SEO plugin v25.1 - https:\/\/yoast.com\/wordpress\/plugins\/seo\/ -->\n<title>Cookies | Axelsson Consulting<\/title>\n<meta name=\"robots\" content=\"index, follow, max-snippet:-1, max-image-preview:large, max-video-preview:-1\" \/>\n<link rel=\"canonical\" href=\"https:\/\/axelssoncloudconsulting.com\/de-de\/kekse\/\" \/>\n<meta property=\"og:locale\" content=\"de_DE\" \/>\n<meta property=\"og:type\" content=\"article\" \/>\n<meta property=\"og:title\" content=\"Cookies | Axelsson Consulting\" \/>\n<meta property=\"og:description\" content=\"This is the Cookie Policy for Axelsson Consulting, accessible from https:\/\/axelssonconsulting.de What Are Cookies As is common practice with almost all professional websites this site uses cookies, which are tiny files that are downloaded to your computer, to improve your experience. This page describes what information they gather, how we use it and why we ... Cookies\" \/>\n<meta property=\"og:url\" content=\"https:\/\/axelssoncloudconsulting.com\/de-de\/kekse\/\" \/>\n<meta property=\"og:site_name\" content=\"Axelsson Consulting\" \/>\n<meta name=\"twitter:card\" content=\"summary_large_image\" \/>\n<script type=\"application\/ld+json\" class=\"yoast-schema-graph\">{\"@context\":\"https:\/\/schema.org\",\"@graph\":[{\"@type\":\"WebPage\",\"@id\":\"https:\/\/axelssoncloudconsulting.com\/de-de\/kekse\/\",\"url\":\"https:\/\/axelssoncloudconsulting.com\/de-de\/kekse\/\",\"name\":\"Cookies | Axelsson Consulting\",\"isPartOf\":{\"@id\":\"https:\/\/axelssoncloudconsulting.com\/#website\"},\"datePublished\":\"2022-06-25T14:32:28+00:00\",\"inLanguage\":\"de\",\"potentialAction\":[{\"@type\":\"ReadAction\",\"target\":[\"https:\/\/axelssoncloudconsulting.com\/de-de\/kekse\/\"]}]},{\"@type\":\"WebSite\",\"@id\":\"https:\/\/axelssoncloudconsulting.com\/#website\",\"url\":\"https:\/\/axelssoncloudconsulting.com\/\",\"name\":\"Axelsson Consulting\",\"description\":\"Delivering premium digital experiences at cloud scale\",\"potentialAction\":[{\"@type\":\"SearchAction\",\"target\":{\"@type\":\"EntryPoint\",\"urlTemplate\":\"https:\/\/axelssoncloudconsulting.com\/?s={search_term_string}\"},\"query-input\":{\"@type\":\"PropertyValueSpecification\",\"valueRequired\":true,\"valueName\":\"search_term_string\"}}],\"inLanguage\":\"de\"}]}<\/script>\n<!-- \/ Yoast SEO plugin. -->","yoast_head_json":{"title":"Cookies | Axelsson Consulting","robots":{"index":"index","follow":"follow","max-snippet":"max-snippet:-1","max-image-preview":"max-image-preview:large","max-video-preview":"max-video-preview:-1"},"canonical":"https:\/\/axelssoncloudconsulting.com\/de-de\/kekse\/","og_locale":"de_DE","og_type":"article","og_title":"Cookies | Axelsson Consulting","og_description":"This is the Cookie Policy for Axelsson Consulting, accessible from https:\/\/axelssonconsulting.de What Are Cookies As is common practice with almost all professional websites this site uses cookies, which are tiny files that are downloaded to your computer, to improve your experience. This page describes what information they gather, how we use it and why we ... Cookies","og_url":"https:\/\/axelssoncloudconsulting.com\/de-de\/kekse\/","og_site_name":"Axelsson Consulting","twitter_card":"summary_large_image","schema":{"@context":"https:\/\/schema.org","@graph":[{"@type":"WebPage","@id":"https:\/\/axelssoncloudconsulting.com\/de-de\/kekse\/","url":"https:\/\/axelssoncloudconsulting.com\/de-de\/kekse\/","name":"Cookies | Axelsson Consulting","isPartOf":{"@id":"https:\/\/axelssoncloudconsulting.com\/#website"},"datePublished":"2022-06-25T14:32:28+00:00","inLanguage":"de","potentialAction":[{"@type":"ReadAction","target":["https:\/\/axelssoncloudconsulting.com\/de-de\/kekse\/"]}]},{"@type":"WebSite","@id":"https:\/\/axelssoncloudconsulting.com\/#website","url":"https:\/\/axelssoncloudconsulting.com\/","name":"Axelsson Consulting","description":"Delivering premium digital experiences at cloud scale","potentialAction":[{"@type":"SearchAction","target":{"@type":"EntryPoint","urlTemplate":"https:\/\/axelssoncloudconsulting.com\/?s={search_term_string}"},"query-input":{"@type":"PropertyValueSpecification","valueRequired":true,"valueName":"search_term_string"}}],"inLanguage":"de"}]}},"_links":{"self":[{"href":"https:\/\/axelssonconsulting.de\/de-de\/wp-json\/wp\/v2\/pages\/1154"}],"collection":[{"href":"https:\/\/axelssonconsulting.de\/de-de\/wp-json\/wp\/v2\/pages"}],"about":[{"href":"https:\/\/axelssonconsulting.de\/de-de\/wp-json\/wp\/v2\/types\/page"}],"author":[{"embeddable":true,"href":"https:\/\/axelssonconsulting.de\/de-de\/wp-json\/wp\/v2\/users\/1"}],"replies":[{"embeddable":true,"href":"https:\/\/axelssonconsulting.de\/de-de\/wp-json\/wp\/v2\/comments?post=1154"}],"version-history":[{"count":0,"href":"https:\/\/axelssonconsulting.de\/de-de\/wp-json\/wp\/v2\/pages\/1154\/revisions"}],"wp:attachment":[{"href":"https:\/\/axelssonconsulting.de\/de-de\/wp-json\/wp\/v2\/media?parent=1154"}],"curies":[{"name":"wp","href":"https:\/\/api.w.org\/{rel}","templated":true}]}}