{"id":1377,"date":"2022-12-05T02:31:23","date_gmt":"2022-12-05T01:31:23","guid":{"rendered":"https:\/\/axelssoncloudconsulting.com\/?page_id=1377"},"modified":"2022-12-05T02:31:23","modified_gmt":"2022-12-05T01:31:23","slug":"echtzeit-asset-tracking","status":"publish","type":"page","link":"https:\/\/axelssonconsulting.de\/de-de\/fallstudien\/echtzeit-asset-tracking\/","title":{"rendered":"Asset-Verfolgung in Echtzeit"},"content":{"rendered":"<p>Genaue, schnelle und kontinuierliche Auftragsdaten werden zum Standard in der Bauindustrie und Teil der Datenwirtschaft der Zukunft. Thomas Concrete erkannte das gro\u00dfe Potenzial, das sowohl f\u00fcr das eigene Gesch\u00e4ft als auch f\u00fcr das seiner Kunden im Angebot von Asset Tracking in Echtzeit liegt. Mit der Expertise von Axelsson Consulting und unserer vernetzten L\u00f6sung erm\u00f6glichten wir es dem Kunden, neue Dienstleistungen anzubieten, die es seinen Kunden erlauben, ihr Gesch\u00e4ft durch datengesteuerte Erkenntnisse und Cloud-native Technologien effizienter und nachhaltiger zu f\u00fchren.<\/p>\n\n\n\n<figure class=\"wp-block-image size-large\"><img loading=\"lazy\" decoding=\"async\" width=\"1024\" height=\"768\" src=\"\/wp-content\/uploads\/claus-grunstaudl-1_DvZyR3dRk-unsplash-1024x768.jpg\" alt=\"\" class=\"wp-image-1378\" srcset=\"\/wp-content\/uploads\/claus-grunstaudl-1_DvZyR3dRk-unsplash-1024x768.jpg 1024w, \/wp-content\/uploads\/claus-grunstaudl-1_DvZyR3dRk-unsplash-300x225.jpg 300w, \/wp-content\/uploads\/claus-grunstaudl-1_DvZyR3dRk-unsplash-150x113.jpg 150w, \/wp-content\/uploads\/claus-grunstaudl-1_DvZyR3dRk-unsplash-768x576.jpg 768w, \/wp-content\/uploads\/claus-grunstaudl-1_DvZyR3dRk-unsplash-1536x1152.jpg 1536w, \/wp-content\/uploads\/claus-grunstaudl-1_DvZyR3dRk-unsplash-2048x1536.jpg 2048w\" sizes=\"(max-width: 1024px) 100vw, 1024px\" \/><\/figure>\n\n\n\n<p>Die Betonindustrie ist eine konservative Branche, deren Verfahren seit vielen Jahren weitgehend unver\u00e4ndert geblieben sind. Gleichzeitig ist Beton ein sehr zeitempfindliches Material, und Lieferverz\u00f6gerungen k\u00f6nnen zu hohen Zusatzkosten f\u00fchren.<\/p>\n\n\n\n<p>Hier erkannte die Thomas Concrete Group, ein globaler Hersteller und Vertreiber von hochwertigem Transportbeton f\u00fcr gewerbliche und private Kunden, die Chance, innovativ zu sein und datengesteuerte, vernetzte L\u00f6sungen zu nutzen, um mehr Wert aus ihren Daten zu sch\u00f6pfen, was sie zu einem der ersten Unternehmen in der Baubranche machte, das sich der digitalen Transformation seines Gesch\u00e4fts verschrieb. Mit der IoT- und Cloud-Computing-Expertise von Axelsson Consulting konnte Thomas Concrete zwei zentrale Herausforderungen bew\u00e4ltigen und gleichzeitig die Gesch\u00e4ftsabl\u00e4ufe effizienter, skalierbarer und wettbewerbsf\u00e4higer gestalten. Die erste dieser Herausforderungen bestand darin, den Endkunden die M\u00f6glichkeit zu geben, ihre Betonlieferungen in Echtzeit zu verfolgen.<\/p>\n\n\n\n<p>In dieser Fallstudie beschreiben wir diese erste Herausforderung, erl\u00e4utern unseren Prozess zur Entwicklung einer Cloud-nativen und datengesteuerten Asset-Tracking-L\u00f6sung, die auf den spezifischen Gesch\u00e4ftsfall des Kunden zugeschnitten ist, und veranschaulichen den Wettbewerbsvorteil, den die L\u00f6sung bietet.<\/p>\n\n\n\n<h2 class=\"wp-block-heading\">Die Herausforderung: Kontinuierliche Bereitstellung genauer Positions- und Ankunftsinformationen von Lieferungen<\/h2>\n\n\n\n<p>Der Betonmarkt, der in der Regel Teil der Lieferkette des Baumarktes ist, ist ein hart umk\u00e4mpfter Markt, und die Qualit\u00e4t des Betons allein reicht nicht mehr aus, um einen Wettbewerbsvorteil zu erzielen. Was heute den Unterschied ausmacht, ist das Angebot zus\u00e4tzlicher digitaler Dienstleistungen f\u00fcr die Kunden. Dies w\u00fcrde das Gesch\u00e4ft von Thomas Concrete erweitern, einen Mehrwert f\u00fcr die Kunden schaffen und dabei helfen, das Unternehmen in die datengesteuerte Zukunft zu f\u00fchren.<\/p>\n\n\n\n<p>Das gelieferte Material, Beton, ist ein zeitempfindliches Material, und wenn sich eine Lieferung zu lange verz\u00f6gert oder die Baustelle nicht rechtzeitig f\u00fcr den Einbau vorbereitet wird, kann sich die Qualit\u00e4t des Materials erheblich verschlechtern und muss m\u00f6glicherweise ganz verschrottet werden. Dass Lieferungen aufgrund von Versp\u00e4tungen verschrottet werden m\u00fcssen, ist ein \u00fcberraschend h\u00e4ufiges Szenario, das zu einem unwiederbringlichen Wertverlust f\u00fchrt. Daher ist es von entscheidender Bedeutung, genau zu wissen, wo sich eine Lieferung befindet und wann sie eintreffen wird, um alles vor Ort vorzubereiten. Die L\u00f6sung: Asset-Tracking in Echtzeit.<\/p>\n\n\n\n<figure class=\"wp-block-image size-large\"><img loading=\"lazy\" decoding=\"async\" width=\"1024\" height=\"405\" src=\"\/wp-content\/uploads\/concrete-delivery-app-1024x405.jpg\" alt=\"\" class=\"wp-image-1380\" srcset=\"\/wp-content\/uploads\/concrete-delivery-app-1024x405.jpg 1024w, \/wp-content\/uploads\/concrete-delivery-app-300x119.jpg 300w, \/wp-content\/uploads\/concrete-delivery-app-150x59.jpg 150w, \/wp-content\/uploads\/concrete-delivery-app-768x304.jpg 768w, \/wp-content\/uploads\/concrete-delivery-app-1536x608.jpg 1536w, \/wp-content\/uploads\/concrete-delivery-app.jpg 2022w\" sizes=\"(max-width: 1024px) 100vw, 1024px\" \/><\/figure>\n\n\n\n<p>Wir erkannten die Notwendigkeit von Innovationen in dieser konservativen Branche und sahen, wie die Endnutzer von den zus\u00e4tzlichen Erkenntnissen aus Echtzeitdaten profitieren k\u00f6nnten, und machten uns daran, eine vernetzte, Cloud-native IoT-L\u00f6sung zu entwickeln, die es ihren Endkunden erm\u00f6glicht, Lieferungen in Echtzeit zu verfolgen, einschlie\u00dflich einer digitalen Schnittstelle, die den aktuellen GPS-Standort des Lastwagens und eine st\u00e4ndig aktualisierte Ankunftszeit anzeigt. Mit allen Lieferinformationen sofort auf ihren Ger\u00e4ten, einschlie\u00dflich ereignis- und datengesteuerter Web- und nativer mobiler Push-Benachrichtigungen, wenn die Lieferung den Geofence des Werks verlassen hat, k\u00f6nnen die Kunden nun genau wissen, wann sie eine Lieferung erwarten k\u00f6nnen, und die Abl\u00e4ufe vor und nach der Lieferung auf der Grundlage von Echtzeiterkenntnissen optimieren. Dies erm\u00f6glicht Thomas Concrete eine effektivere Planung der Lieferrouten unter Ber\u00fccksichtigung von Verkehr, Wetter und Fahrzeugtyp sowie die Integration zus\u00e4tzlicher Dienstleistungen in ihre Preismodelle. Dies haben wir dank unserer gr\u00fcndlichen <a href=\"https:\/\/axelssoncloudconsulting.com\/services\/big-data\/#howwecanhelp_wrapper01\">Prozess<\/a> bei der Analyse, Auswahl, Pr\u00fcfung und Abstimmung der am besten geeigneten L\u00f6sungsarchitektur f\u00fcr den jeweiligen Anwendungsfall.<\/p>\n\n\n\n<h2 class=\"wp-block-heading\">Wie wir die richtige Architektur f\u00fcr die Echtzeit-Datenintegration entwickelt haben<\/h2>\n\n\n\n<p>Am Anfang unseres \u00dcberpr\u00fcfungsprozesses stehen die beiden wichtigsten Schritte: Erstens, sich ein vollst\u00e4ndiges Bild von der bestehenden Datenlandschaft des Kunden zu machen, wie sie genutzt werden kann und was der Anwendungsfall des Kunden von unserer L\u00f6sung erfordert sowie wie sie f\u00fcr die Zukunft skaliert werden kann. Dazu arbeiteten wir mit den IT-Entscheidern von Thomas Concrete zusammen, um eine Liste detaillierter technischer Fragen zu ihren technischen Anforderungen zu beantworten, wie sie planen, ihr Gesch\u00e4ft in Zukunft auszubauen, und welche verbesserten Dienste sie ihren Kunden anbieten wollen und was f\u00fcr die Endbenutzer am wichtigsten ist. Dieser kritische Schritt erm\u00f6glicht es uns zum einen, die Funktionen, die Leistung und die Grenzen der vorhandenen Daten des Unternehmens zu verstehen, und zum anderen, klare Anforderungen als Eckpfeiler f\u00fcr den zweiten Schritt festzulegen. Mit einem klaren Bild vor Augen pr\u00fcfen wir dann gr\u00fcndlich alle m\u00f6glichen L\u00f6sungen f\u00fcr die Anforderungen unseres Kunden, von technischen Entscheidungen \u00fcber den Datenfluss bis hin zur Ereignisbehandlung und -verarbeitung, um den h\u00f6chstm\u00f6glichen Durchsatz und damit eine Echtzeit-Streaming-Architektur zu erm\u00f6glichen. Wenn wir unsere Eckpfeiler gesetzt haben, wissen wir, welche detaillierten technischen Fragen wir stellen m\u00fcssen, um nicht nur die wichtigsten Erfolgsfaktoren zu definieren, sondern auch die f\u00fcr die Bed\u00fcrfnisse des Kunden am besten geeignete Cloud-Native-Architektur auszuw\u00e4hlen. F\u00fcr diesen Anwendungsfall haben wir festgestellt, dass die IoT-Architektur eine hohe Leistung, einen hohen Durchsatz und eine niedrige Latenz aufweisen muss, um die riesigen Datenmengen von Lastwagen und die Echtzeit-Lieferposition zu verarbeiten und den Kunden des Kunden eine m\u00f6glichst genaue Ankunftszeit zu liefern.<\/p>\n\n\n\n<figure class=\"wp-block-image size-large\"><img loading=\"lazy\" decoding=\"async\" width=\"1024\" height=\"470\" src=\"\/wp-content\/uploads\/CrateDB-1024x470.png\" alt=\"\" class=\"wp-image-1382\" srcset=\"\/wp-content\/uploads\/CrateDB-1024x470.png 1024w, \/wp-content\/uploads\/CrateDB-300x138.png 300w, \/wp-content\/uploads\/CrateDB-150x69.png 150w, \/wp-content\/uploads\/CrateDB-768x353.png 768w, \/wp-content\/uploads\/CrateDB-1536x705.png 1536w, \/wp-content\/uploads\/CrateDB-2048x940.png 2048w\" sizes=\"(max-width: 1024px) 100vw, 1024px\" \/><\/figure>\n\n\n\n<p>Die Entwicklung einer IoT-Architektur, die eine hohe Datenaufnahme erm\u00f6glicht und dennoch eine Echtzeitverarbeitung im gro\u00dfen Ma\u00dfstab erreicht, ist ein schwieriger und hochkomplexer Prozess. Schon eine einzige langsame Komponente gef\u00e4hrdet den Echtzeit-Durchsatz der gesamten Architektur und verringert m\u00f6glicherweise den Mehrwert f\u00fcr das Unternehmen. Um ein optimales Ergebnis zu erzielen, m\u00fcssen die Gesch\u00e4ftsanforderungen von Anfang an ber\u00fccksichtigt werden, damit die relevanten Aspekte entsprechend gestaltet werden k\u00f6nnen. Wir haben erkannt, dass ein ganzheitlicher Ansatz erforderlich ist, der alle Aspekte der Architektur abdeckt. Vor diesem Hintergrund und nach eingehender Pr\u00fcfung entschieden wir, dass Azure f\u00fcr unseren Anwendungsfall am besten geeignet ist und Azure EventHubs, serverlose Azure Functions, Azure Kubernetes Service, Azure Premium SSD Managed Disks und Azure DevOps in vollem Umfang genutzt werden sollten. Serverless Azure Functions verf\u00fcgt beispielsweise \u00fcber eine un\u00fcbertroffene Elastizit\u00e4t, um innerhalb eines App Service-Plans je nach Auslastung nahezu unbegrenzt skalieren zu k\u00f6nnen, und Azure Premium SSD Managed Disks verf\u00fcgt \u00fcber eine un\u00fcbertroffene E\/A-Leistung, wodurch sie perfekt f\u00fcr unseren Anwendungsfall mit hohem Durchsatz geeignet sind. Als prim\u00e4rer Datenspeicher dient die Zeitreihendatenbank CrateDB, die sich gut f\u00fcr die Verarbeitung gro\u00dfer Mengen halbstrukturierter Sensordaten eignet und auch unter hoher Last eine gleichbleibende Leistung bietet, sowie dedizierte Edge-Module f\u00fcr die Offline-F\u00e4higkeit, um Datenverluste bei vor\u00fcbergehenden Netzwerkausf\u00e4llen zu verhindern. Auf dieser Grundlage und in enger Zusammenarbeit mit dem Kunden legten wir die im obigen Diagramm dargestellte \u00fcbergreifende Architektur fest und optimierten sie w\u00e4hrend der Implementierungsphase weiter f\u00fcr hohen Durchsatz, Leistung und Zuverl\u00e4ssigkeit, um sicherzustellen, dass die gesch\u00e4ftlichen Anforderungen erf\u00fcllt wurden, und um die Grundlage f\u00fcr k\u00fcnftige IoT-Anwendungsf\u00e4lle zu schaffen, die damals auf der Roadmap standen.<\/p>\n\n\n\n<h2 class=\"wp-block-heading\">Wie wir durch datengesteuerte und Cloud-native Technologien einen Wettbewerbsvorteil geschaffen haben<\/h2>\n\n\n\n<p>Die Cloud-native Asset-Tracking-L\u00f6sung, die wir f\u00fcr die Thomas Concrete Group entwickelt haben, wurde etwa sechs Monate nach der Initiierung und vier Monate nach Beginn der Vollzeit-Implementierung bereitgestellt und erm\u00f6glicht dem Kunden seitdem die kontinuierliche Verfolgung von mehr als 1.500 Lieferfahrzeugen in ganz Europa mit einer Latenz von 9 ms, w\u00e4hrend gleichzeitig Dutzende Millionen von Datenpunkten gespeichert werden. Die Endkunden von Thomas Concrete k\u00f6nnen nun in Echtzeit und auf jedem Ger\u00e4t genau wissen, wann eine Lieferung eintrifft und sich entsprechend vorbereiten. F\u00fcr Thomas Concrete bedeutet dies, dass das Unternehmen sein Gesch\u00e4ft effizienter f\u00fchren und seinen Kunden neue Dienstleistungen durch neue Gesch\u00e4ftsmodelle anbieten kann, die durch digitale Cloud-Technologien erm\u00f6glicht werden. Dies bedeutet weniger Versp\u00e4tungen, betr\u00e4chtliche Kosteneinsparungen und weniger Abfall f\u00fcr die Endkunden, was das Unternehmen deutlich nachhaltiger macht.<\/p>\n\n\n\n<p>Die Entwicklung skalierbarer, sicherer und Cloud-nativer L\u00f6sungen erfordert Fachwissen in mehreren Bereichen: Ger\u00e4tekonnektivit\u00e4t, Digitalisierung der Lieferkette und ggf. Edge Computing. Vielleicht ist es keine \u00dcberraschung, dass laut einer Studie von Cisco bis zu 75 Prozent der IoT-Projekte scheitern. Wir sind der Meinung, dass ein gr\u00fcndlicher Pr\u00fcfungsprozess auf der Grundlage der Gesch\u00e4ftsanforderungen f\u00fcr die Entwicklung erfolgreicher Big-Data-Streaming-Architekturen und IoT-L\u00f6sungen, die die aktuellen Gesch\u00e4ftsziele erf\u00fcllen, unerl\u00e4sslich ist.<\/p>\n\n\n\n<p>Mit unserer Cloud-nativen und datengesteuerten Echtzeit-Asset-Tracking-L\u00f6sung, die in der Microsoft Azure-Cloud implementiert ist, erm\u00f6glichten wir es dem Kunden, die Vorteile von Azure IoT zu nutzen und sein Gesch\u00e4ft zu digitalisieren.<\/p>\n\n\n\n<p>Wie in dieser Fallstudie erw\u00e4hnt, wurde CrateDB als integraler Bestandteil der Architektur f\u00fcr die Speicherung der Geodaten verwendet. Sie k\u00f6nnen mehr dar\u00fcber lesen, wie die Datenbank in der L\u00f6sung verwendet wurde <a href=\"https:\/\/axelssoncloudconsulting.com\/news\/real-time-delivery-tracking-in-a-cloud-native-big-data-streaming-architecture-with-cratedb-microsoft-azure-and-kubernetes\/\">hier<\/a>.<\/p>\n\n\n\n<p>Unser Ansatz zur Bereitstellung der Big-Data-Streaming-Architektur, die f\u00fcr die Asset-Tracking-L\u00f6sung in dieser Fallstudie verwendet wurde, kann auch f\u00fcr andere Anwendungsf\u00e4lle genutzt werden.<\/p>\n\n\n\n<p><em>In unserer n\u00e4chsten Fallstudie stellen wir unsere industrielle IoT-L\u00f6sung vor - eine Cloud-native L\u00f6sung, die drahtlose IoT-Sensoren zur Messung der Materialh\u00e4rtung auf Baustellen verwendet. Erhalten Sie erste Informationen und exklusive Inhalte des Axelsson-Teams, indem Sie unseren Newsletter abonnieren. <a href=\"https:\/\/axelssoncloudconsulting.com\/\">Newsletter<\/a>.<\/em><\/p>","protected":false},"excerpt":{"rendered":"<p>Genaue, schnelle und kontinuierliche Auftragsdaten werden zum Standard in der Bauindustrie und Teil der Datenwirtschaft der Zukunft. Thomas Concrete erkannte das gro\u00dfe Potenzial, das sowohl f\u00fcr sein Gesch\u00e4ft als auch f\u00fcr das seiner Kunden darin liegt, Asset Tracking in Echtzeit anzubieten. Mit der Expertise von Axelsson Consulting und unserer vernetzten L\u00f6sung erm\u00f6glichten wir <a href=\"https:\/\/axelssonconsulting.de\/de-de\/fallstudien\/echtzeit-asset-tracking\/\" class=\"more-link\">&#8230;<span class=\"screen-reader-text\">  Asset-Verfolgung in Echtzeit<\/span><\/a><\/p>","protected":false},"author":1,"featured_media":1359,"parent":978,"menu_order":0,"comment_status":"closed","ping_status":"closed","template":"page-casestudies-detail.php","meta":{"_acf_changed":false,"footnotes":""},"class_list":["post-1377","page","type-page","status-publish","has-post-thumbnail","hentry"],"acf":[],"yoast_head":"<!-- This site is optimized with the Yoast SEO plugin v25.1 - https:\/\/yoast.com\/wordpress\/plugins\/seo\/ -->\n<title>Real-time asset tracking | Axelsson Consulting<\/title>\n<meta name=\"description\" content=\"Accurate, fast, and continuous data on orders will be the standard in the construction industry and part of the data economy of the future\" \/>\n<meta name=\"robots\" content=\"index, follow, max-snippet:-1, max-image-preview:large, max-video-preview:-1\" \/>\n<link rel=\"canonical\" href=\"http:\/\/axelssonconsulting.eu\/de-de\/fallstudien\/echtzeit-asset-tracking\/\" \/>\n<meta property=\"og:locale\" content=\"de_DE\" \/>\n<meta property=\"og:type\" content=\"article\" \/>\n<meta property=\"og:title\" content=\"Real-time asset tracking | Axelsson Consulting\" \/>\n<meta property=\"og:description\" content=\"Accurate, fast, and continuous data on orders will be the standard in the construction industry and part of the data economy of the future\" \/>\n<meta property=\"og:url\" content=\"http:\/\/axelssonconsulting.eu\/de-de\/fallstudien\/echtzeit-asset-tracking\/\" \/>\n<meta property=\"og:site_name\" content=\"Axelsson Consulting\" \/>\n<meta property=\"og:image\" content=\"https:\/\/axelssonconsulting.de\/wp-content\/uploads\/trucks.png\" \/>\n\t<meta property=\"og:image:width\" content=\"2400\" \/>\n\t<meta property=\"og:image:height\" content=\"1254\" \/>\n\t<meta property=\"og:image:type\" content=\"image\/png\" \/>\n<meta name=\"twitter:card\" content=\"summary_large_image\" \/>\n<meta name=\"twitter:label1\" content=\"Gesch\u00e4tzte Lesezeit\" \/>\n\t<meta name=\"twitter:data1\" content=\"8\u00a0Minuten\" \/>\n<script type=\"application\/ld+json\" class=\"yoast-schema-graph\">{\"@context\":\"https:\/\/schema.org\",\"@graph\":[{\"@type\":\"WebPage\",\"@id\":\"http:\/\/axelssonconsulting.eu\/de-de\/fallstudien\/echtzeit-asset-tracking\/\",\"url\":\"http:\/\/axelssonconsulting.eu\/de-de\/fallstudien\/echtzeit-asset-tracking\/\",\"name\":\"Real-time asset tracking | Axelsson Consulting\",\"isPartOf\":{\"@id\":\"https:\/\/axelssoncloudconsulting.com\/#website\"},\"primaryImageOfPage\":{\"@id\":\"http:\/\/axelssonconsulting.eu\/de-de\/fallstudien\/echtzeit-asset-tracking\/#primaryimage\"},\"image\":{\"@id\":\"http:\/\/axelssonconsulting.eu\/de-de\/fallstudien\/echtzeit-asset-tracking\/#primaryimage\"},\"thumbnailUrl\":\"\/wp-content\/uploads\/trucks.png\",\"datePublished\":\"2022-12-05T01:31:23+00:00\",\"description\":\"Accurate, fast, and continuous data on orders will be the standard in the construction industry and part of the data economy of the future\",\"breadcrumb\":{\"@id\":\"http:\/\/axelssonconsulting.eu\/de-de\/fallstudien\/echtzeit-asset-tracking\/#breadcrumb\"},\"inLanguage\":\"de\",\"potentialAction\":[{\"@type\":\"ReadAction\",\"target\":[\"http:\/\/axelssonconsulting.eu\/de-de\/fallstudien\/echtzeit-asset-tracking\/\"]}]},{\"@type\":\"ImageObject\",\"inLanguage\":\"de\",\"@id\":\"http:\/\/axelssonconsulting.eu\/de-de\/fallstudien\/echtzeit-asset-tracking\/#primaryimage\",\"url\":\"\/wp-content\/uploads\/trucks.png\",\"contentUrl\":\"\/wp-content\/uploads\/trucks.png\",\"width\":2400,\"height\":1254},{\"@type\":\"BreadcrumbList\",\"@id\":\"http:\/\/axelssonconsulting.eu\/de-de\/fallstudien\/echtzeit-asset-tracking\/#breadcrumb\",\"itemListElement\":[{\"@type\":\"ListItem\",\"position\":1,\"name\":\"Case Studies\",\"item\":\"https:\/\/axelssoncloudconsulting.com\/case-studies\/\"},{\"@type\":\"ListItem\",\"position\":2,\"name\":\"Real-time asset tracking\"}]},{\"@type\":\"WebSite\",\"@id\":\"https:\/\/axelssoncloudconsulting.com\/#website\",\"url\":\"https:\/\/axelssoncloudconsulting.com\/\",\"name\":\"Axelsson Consulting\",\"description\":\"Delivering premium digital experiences at cloud scale\",\"potentialAction\":[{\"@type\":\"SearchAction\",\"target\":{\"@type\":\"EntryPoint\",\"urlTemplate\":\"https:\/\/axelssoncloudconsulting.com\/?s={search_term_string}\"},\"query-input\":{\"@type\":\"PropertyValueSpecification\",\"valueRequired\":true,\"valueName\":\"search_term_string\"}}],\"inLanguage\":\"de\"}]}<\/script>\n<!-- \/ Yoast SEO plugin. -->","yoast_head_json":{"title":"Real-time asset tracking | Axelsson Consulting","description":"Accurate, fast, and continuous data on orders will be the standard in the construction industry and part of the data economy of the future","robots":{"index":"index","follow":"follow","max-snippet":"max-snippet:-1","max-image-preview":"max-image-preview:large","max-video-preview":"max-video-preview:-1"},"canonical":"http:\/\/axelssonconsulting.eu\/de-de\/fallstudien\/echtzeit-asset-tracking\/","og_locale":"de_DE","og_type":"article","og_title":"Real-time asset tracking | Axelsson Consulting","og_description":"Accurate, fast, and continuous data on orders will be the standard in the construction industry and part of the data economy of the future","og_url":"http:\/\/axelssonconsulting.eu\/de-de\/fallstudien\/echtzeit-asset-tracking\/","og_site_name":"Axelsson Consulting","og_image":[{"width":2400,"height":1254,"url":"https:\/\/axelssonconsulting.de\/wp-content\/uploads\/trucks.png","type":"image\/png"}],"twitter_card":"summary_large_image","twitter_misc":{"Gesch\u00e4tzte Lesezeit":"8\u00a0Minuten"},"schema":{"@context":"https:\/\/schema.org","@graph":[{"@type":"WebPage","@id":"http:\/\/axelssonconsulting.eu\/de-de\/fallstudien\/echtzeit-asset-tracking\/","url":"http:\/\/axelssonconsulting.eu\/de-de\/fallstudien\/echtzeit-asset-tracking\/","name":"Real-time asset tracking | Axelsson Consulting","isPartOf":{"@id":"https:\/\/axelssoncloudconsulting.com\/#website"},"primaryImageOfPage":{"@id":"http:\/\/axelssonconsulting.eu\/de-de\/fallstudien\/echtzeit-asset-tracking\/#primaryimage"},"image":{"@id":"http:\/\/axelssonconsulting.eu\/de-de\/fallstudien\/echtzeit-asset-tracking\/#primaryimage"},"thumbnailUrl":"\/wp-content\/uploads\/trucks.png","datePublished":"2022-12-05T01:31:23+00:00","description":"Accurate, fast, and continuous data on orders will be the standard in the construction industry and part of the data economy of the future","breadcrumb":{"@id":"http:\/\/axelssonconsulting.eu\/de-de\/fallstudien\/echtzeit-asset-tracking\/#breadcrumb"},"inLanguage":"de","potentialAction":[{"@type":"ReadAction","target":["http:\/\/axelssonconsulting.eu\/de-de\/fallstudien\/echtzeit-asset-tracking\/"]}]},{"@type":"ImageObject","inLanguage":"de","@id":"http:\/\/axelssonconsulting.eu\/de-de\/fallstudien\/echtzeit-asset-tracking\/#primaryimage","url":"\/wp-content\/uploads\/trucks.png","contentUrl":"\/wp-content\/uploads\/trucks.png","width":2400,"height":1254},{"@type":"BreadcrumbList","@id":"http:\/\/axelssonconsulting.eu\/de-de\/fallstudien\/echtzeit-asset-tracking\/#breadcrumb","itemListElement":[{"@type":"ListItem","position":1,"name":"Case Studies","item":"https:\/\/axelssoncloudconsulting.com\/case-studies\/"},{"@type":"ListItem","position":2,"name":"Real-time asset tracking"}]},{"@type":"WebSite","@id":"https:\/\/axelssoncloudconsulting.com\/#website","url":"https:\/\/axelssoncloudconsulting.com\/","name":"Axelsson Consulting","description":"Delivering premium digital experiences at cloud scale","potentialAction":[{"@type":"SearchAction","target":{"@type":"EntryPoint","urlTemplate":"https:\/\/axelssoncloudconsulting.com\/?s={search_term_string}"},"query-input":{"@type":"PropertyValueSpecification","valueRequired":true,"valueName":"search_term_string"}}],"inLanguage":"de"}]}},"_links":{"self":[{"href":"https:\/\/axelssonconsulting.de\/de-de\/wp-json\/wp\/v2\/pages\/1377"}],"collection":[{"href":"https:\/\/axelssonconsulting.de\/de-de\/wp-json\/wp\/v2\/pages"}],"about":[{"href":"https:\/\/axelssonconsulting.de\/de-de\/wp-json\/wp\/v2\/types\/page"}],"author":[{"embeddable":true,"href":"https:\/\/axelssonconsulting.de\/de-de\/wp-json\/wp\/v2\/users\/1"}],"replies":[{"embeddable":true,"href":"https:\/\/axelssonconsulting.de\/de-de\/wp-json\/wp\/v2\/comments?post=1377"}],"version-history":[{"count":0,"href":"https:\/\/axelssonconsulting.de\/de-de\/wp-json\/wp\/v2\/pages\/1377\/revisions"}],"up":[{"embeddable":true,"href":"https:\/\/axelssonconsulting.de\/de-de\/wp-json\/wp\/v2\/pages\/978"}],"wp:featuredmedia":[{"embeddable":true,"href":"https:\/\/axelssonconsulting.de\/de-de\/wp-json\/wp\/v2\/media\/1359"}],"wp:attachment":[{"href":"https:\/\/axelssonconsulting.de\/de-de\/wp-json\/wp\/v2\/media?parent=1377"}],"curies":[{"name":"wp","href":"https:\/\/api.w.org\/{rel}","templated":true}]}}