{"id":984,"date":"2022-06-07T22:51:36","date_gmt":"2022-06-07T20:51:36","guid":{"rendered":"https:\/\/axelssoncloudconsulting.azurewebsites.net\/?page_id=984"},"modified":"2022-06-07T22:51:36","modified_gmt":"2022-06-07T20:51:36","slug":"kontakt","status":"publish","type":"page","link":"https:\/\/axelssonconsulting.de\/de-de\/kontakt\/","title":{"rendered":"Kontakt"},"content":{"rendered":"<div class=\"wp-block-contact-form-7-contact-form-selector\">\n<div class=\"wpcf7 no-js\" id=\"wpcf7-f1877-o1\" lang=\"en-GB\" dir=\"ltr\" data-wpcf7-id=\"1877\">\n<div class=\"screen-reader-response\"><p role=\"status\" aria-live=\"polite\" aria-atomic=\"true\"><\/p> <ul><\/ul><\/div>\n<form action=\"\/de-de\/wp-json\/wp\/v2\/pages\/984#wpcf7-f1877-o1\" method=\"post\" class=\"wpcf7-form init\" aria-label=\"Kontakt-Formular\" novalidate=\"novalidate\" data-status=\"init\" data-trp-original-action=\"\/de-de\/wp-json\/wp\/v2\/pages\/984#wpcf7-f1877-o1\">\n<div style=\"display: none;\">\n<input type=\"hidden\" name=\"_wpcf7\" value=\"1877\" \/>\n<input type=\"hidden\" name=\"_wpcf7_version\" value=\"6.0.6\" \/>\n<input type=\"hidden\" name=\"_wpcf7_locale\" value=\"en_GB\" \/>\n<input type=\"hidden\" name=\"_wpcf7_unit_tag\" value=\"wpcf7-f1877-o1\" \/>\n<input type=\"hidden\" name=\"_wpcf7_container_post\" value=\"0\" \/>\n<input type=\"hidden\" name=\"_wpcf7_posted_data_hash\" value=\"\" \/>\n<\/div>\n<p><span class=\"wpcf7-form-control-wrap\" data-name=\"your-name\"><input size=\"40\" maxlength=\"400\" class=\"wpcf7-form-control wpcf7-text wpcf7-validates-as-required\" aria-required=\"true\" aria-invalid=\"false\" placeholder=\"Name*\" value=\"\" type=\"text\" name=\"your-name\" \/><\/span>\n<\/p>\n<p><span class=\"wpcf7-form-control-wrap\" data-name=\"your-email\"><input size=\"40\" maxlength=\"400\" class=\"wpcf7-form-control wpcf7-email wpcf7-validates-as-required wpcf7-text wpcf7-validates-as-email\" aria-required=\"true\" aria-invalid=\"false\" placeholder=\"Gesch\u00e4ftliche E-Mail*\" value=\"\" type=\"email\" name=\"your-email\" \/><\/span>\n<\/p>\n<p><span class=\"wpcf7-form-control-wrap\" data-name=\"company-name\"><input size=\"40\" maxlength=\"400\" class=\"wpcf7-form-control wpcf7-text wpcf7-validates-as-required\" aria-required=\"true\" aria-invalid=\"false\" placeholder=\"Name des Unternehmens*\" value=\"\" type=\"text\" name=\"company-name\" \/><\/span>\n<\/p>\n<p>Interessiert an*:<br \/>\n<span class=\"wpcf7-form-control-wrap\" data-name=\"interest\"><select class=\"wpcf7-form-control wpcf7-select wpcf7-validates-as-required\" id=\"interest\" aria-required=\"true\" aria-invalid=\"false\" name=\"interest\"><option value=\"I need a cloud expert for my project\">Ich brauche einen Cloud-Experten f\u00fcr mein Projekt<\/option><option value=\"I need an MVP\">Ich brauche einen MVP<\/option><option value=\"I would like a commitment free 30 min discovery call\">Ich m\u00f6chte ein unverbindliches 30-min\u00fctiges Informationsgespr\u00e4ch<\/option><option value=\"Other\">Andere<\/option><\/select><\/span>\n<\/p>\n<p><span class=\"wpcf7-form-control-wrap\" data-name=\"your-message\"><textarea cols=\"40\" rows=\"10\" maxlength=\"2000\" class=\"wpcf7-form-control wpcf7-textarea\" aria-invalid=\"false\" placeholder=\"Nachricht\" name=\"your-message\"><\/textarea><\/span>\n<\/p>\n<p><span class=\"wpcf7-form-control-wrap\" data-name=\"hcap-cf7\">\t\t<input\n\t\t\t\ttype=\"hidden\"\n\t\t\t\tclass=\"hcaptcha-widget-id\"\n\t\t\t\tname=\"hcaptcha-widget-id\"\n\t\t\t\tvalue=\"eyJzb3VyY2UiOlsiY29udGFjdC1mb3JtLTdcL3dwLWNvbnRhY3QtZm9ybS03LnBocCJdLCJmb3JtX2lkIjoxMTE0fQ==-a3df108c4e645920ad68299e97584131\">\n\t\t\t\t<span id=\"hcap_cf7-69e06d2bb6e581.62213163\" class=\"wpcf7-form-control h-captcha\"\n\t\t\tdata-sitekey=\"07488a82-f5de-4968-b9e0-12dcaf3e5286\"\n\t\t\tdata-theme=\"light\"\n\t\t\tdata-size=\"normal\"\n\t\t\tdata-auto=\"false\"\n\t\t\tdata-ajax=\"false\"\n\t\t\tdata-force=\"false\">\n\t\t<\/span>\n\t\t<input type=\"hidden\" id=\"_wpnonce\" name=\"_wpnonce\" value=\"7388ea73d0\" \/><input type=\"hidden\" name=\"_wp_http_referer\" value=\"\/de-de\/wp-json\/wp\/v2\/pages\/984\" \/><\/span><input class=\"wpcf7-form-control wpcf7-submit has-spinner\" type=\"submit\" value=\"Einreichen\" \/>\n<\/p><div class=\"wpcf7-response-output\" aria-hidden=\"true\"><\/div>\n<input type=\"hidden\" name=\"trp-form-language\" value=\"de-de\"\/><\/form>\n<\/div>\n<\/div>","protected":false},"excerpt":{"rendered":"","protected":false},"author":1,"featured_media":0,"parent":0,"menu_order":0,"comment_status":"closed","ping_status":"closed","template":"page-contact.php","meta":{"_acf_changed":false,"footnotes":""},"class_list":["post-984","page","type-page","status-publish","hentry"],"acf":[],"yoast_head":"<!-- This site is optimized with the Yoast SEO plugin v25.1 - https:\/\/yoast.com\/wordpress\/plugins\/seo\/ -->\n<title>Contact | Axelsson Consulting<\/title>\n<meta name=\"description\" content=\"Get in touch with Axelsson - Let us know how we can help you build a better and more efficient digital future.\" \/>\n<meta name=\"robots\" content=\"index, follow, max-snippet:-1, max-image-preview:large, max-video-preview:-1\" \/>\n<link rel=\"canonical\" href=\"https:\/\/axelssoncloudconsulting.com\/de-de\/kontakt\/\" \/>\n<meta property=\"og:locale\" content=\"de_DE\" \/>\n<meta property=\"og:type\" content=\"article\" \/>\n<meta property=\"og:title\" content=\"Contact | Axelsson Consulting\" \/>\n<meta property=\"og:description\" content=\"Get in touch with Axelsson - Let us know how we can help you build a better and more efficient digital future.\" \/>\n<meta property=\"og:url\" content=\"https:\/\/axelssoncloudconsulting.com\/de-de\/kontakt\/\" \/>\n<meta property=\"og:site_name\" content=\"Axelsson Consulting\" \/>\n<meta property=\"og:image\" content=\"https:\/\/axelssonconsulting.de\/wp-content\/uploads\/axelsson_cloud_consulting_social_media_thumbnail.jpg\" \/>\n\t<meta property=\"og:image:width\" content=\"1200\" \/>\n\t<meta property=\"og:image:height\" content=\"627\" \/>\n\t<meta property=\"og:image:type\" content=\"image\/jpeg\" \/>\n<meta name=\"twitter:card\" content=\"summary_large_image\" \/>\n<meta name=\"twitter:image\" content=\"https:\/\/axelssonconsulting.de\/wp-content\/uploads\/axelsson_cloud_consulting_social_media_thumbnail.jpg\" \/>\n<meta name=\"twitter:label1\" content=\"Gesch\u00e4tzte Lesezeit\" \/>\n\t<meta name=\"twitter:data1\" content=\"1\u00a0Minute\" \/>\n<script type=\"application\/ld+json\" class=\"yoast-schema-graph\">{\"@context\":\"https:\/\/schema.org\",\"@graph\":[{\"@type\":\"WebPage\",\"@id\":\"https:\/\/axelssoncloudconsulting.com\/de-de\/kontakt\/\",\"url\":\"https:\/\/axelssoncloudconsulting.com\/de-de\/kontakt\/\",\"name\":\"Contact | Axelsson Consulting\",\"isPartOf\":{\"@id\":\"https:\/\/axelssoncloudconsulting.com\/#website\"},\"datePublished\":\"2022-06-07T20:51:36+00:00\",\"description\":\"Get in touch with Axelsson - Let us know how we can help you build a better and more efficient digital future.\",\"inLanguage\":\"de\",\"potentialAction\":[{\"@type\":\"ReadAction\",\"target\":[\"https:\/\/axelssoncloudconsulting.com\/de-de\/kontakt\/\"]}]},{\"@type\":\"WebSite\",\"@id\":\"https:\/\/axelssoncloudconsulting.com\/#website\",\"url\":\"https:\/\/axelssoncloudconsulting.com\/\",\"name\":\"Axelsson Consulting\",\"description\":\"Delivering premium digital experiences at cloud scale\",\"potentialAction\":[{\"@type\":\"SearchAction\",\"target\":{\"@type\":\"EntryPoint\",\"urlTemplate\":\"https:\/\/axelssoncloudconsulting.com\/?s={search_term_string}\"},\"query-input\":{\"@type\":\"PropertyValueSpecification\",\"valueRequired\":true,\"valueName\":\"search_term_string\"}}],\"inLanguage\":\"de\"}]}<\/script>\n<!-- \/ Yoast SEO plugin. -->","yoast_head_json":{"title":"Contact | Axelsson Consulting","description":"Get in touch with Axelsson - Let us know how we can help you build a better and more efficient digital future.","robots":{"index":"index","follow":"follow","max-snippet":"max-snippet:-1","max-image-preview":"max-image-preview:large","max-video-preview":"max-video-preview:-1"},"canonical":"https:\/\/axelssoncloudconsulting.com\/de-de\/kontakt\/","og_locale":"de_DE","og_type":"article","og_title":"Contact | Axelsson Consulting","og_description":"Get in touch with Axelsson - Let us know how we can help you build a better and more efficient digital future.","og_url":"https:\/\/axelssoncloudconsulting.com\/de-de\/kontakt\/","og_site_name":"Axelsson Consulting","og_image":[{"width":1200,"height":627,"url":"https:\/\/axelssonconsulting.de\/wp-content\/uploads\/axelsson_cloud_consulting_social_media_thumbnail.jpg","type":"image\/jpeg"}],"twitter_card":"summary_large_image","twitter_image":"https:\/\/axelssonconsulting.de\/wp-content\/uploads\/axelsson_cloud_consulting_social_media_thumbnail.jpg","twitter_misc":{"Gesch\u00e4tzte Lesezeit":"1\u00a0Minute"},"schema":{"@context":"https:\/\/schema.org","@graph":[{"@type":"WebPage","@id":"https:\/\/axelssoncloudconsulting.com\/de-de\/kontakt\/","url":"https:\/\/axelssoncloudconsulting.com\/de-de\/kontakt\/","name":"Contact | Axelsson Consulting","isPartOf":{"@id":"https:\/\/axelssoncloudconsulting.com\/#website"},"datePublished":"2022-06-07T20:51:36+00:00","description":"Get in touch with Axelsson - Let us know how we can help you build a better and more efficient digital future.","inLanguage":"de","potentialAction":[{"@type":"ReadAction","target":["https:\/\/axelssoncloudconsulting.com\/de-de\/kontakt\/"]}]},{"@type":"WebSite","@id":"https:\/\/axelssoncloudconsulting.com\/#website","url":"https:\/\/axelssoncloudconsulting.com\/","name":"Axelsson Consulting","description":"Delivering premium digital experiences at cloud scale","potentialAction":[{"@type":"SearchAction","target":{"@type":"EntryPoint","urlTemplate":"https:\/\/axelssoncloudconsulting.com\/?s={search_term_string}"},"query-input":{"@type":"PropertyValueSpecification","valueRequired":true,"valueName":"search_term_string"}}],"inLanguage":"de"}]}},"_links":{"self":[{"href":"https:\/\/axelssonconsulting.de\/de-de\/wp-json\/wp\/v2\/pages\/984"}],"collection":[{"href":"https:\/\/axelssonconsulting.de\/de-de\/wp-json\/wp\/v2\/pages"}],"about":[{"href":"https:\/\/axelssonconsulting.de\/de-de\/wp-json\/wp\/v2\/types\/page"}],"author":[{"embeddable":true,"href":"https:\/\/axelssonconsulting.de\/de-de\/wp-json\/wp\/v2\/users\/1"}],"replies":[{"embeddable":true,"href":"https:\/\/axelssonconsulting.de\/de-de\/wp-json\/wp\/v2\/comments?post=984"}],"version-history":[{"count":0,"href":"https:\/\/axelssonconsulting.de\/de-de\/wp-json\/wp\/v2\/pages\/984\/revisions"}],"wp:attachment":[{"href":"https:\/\/axelssonconsulting.de\/de-de\/wp-json\/wp\/v2\/media?parent=984"}],"curies":[{"name":"wp","href":"https:\/\/api.w.org\/{rel}","templated":true}]}}